{"id":2249,"date":"2018-05-07T09:17:29","date_gmt":"2018-05-07T09:17:29","guid":{"rendered":"http:\/\/cinerama.edge-themes.com\/?page_id=2249"},"modified":"2024-10-16T15:05:24","modified_gmt":"2024-10-16T18:05:24","slug":"portfolio","status":"publish","type":"page","link":"https:\/\/brunnoalexandre.com.br\/en\/portfolio\/","title":{"rendered":"Portf\u00f3lio"},"content":{"rendered":"<div class=\"wpb-content-wrapper\"><div class=\"edgtf-row-grid-section-wrapper\"  ><div class=\"edgtf-row-grid-section\"><div class=\"vc_row wpb_row vc_row-fluid vc_custom_1525774360690\" ><div class=\"wpb_column vc_column_container vc_col-sm-12\"><div class=\"vc_column-inner\"><div class=\"wpb_wrapper\"><div class=\"edgtf-portfolio-list-holder edgtf-pl-gallery  edgtf-medium-space edgtf-pl-two-columns edgtf-pl-gallery-text-sliding    edgtf-pl-pag-load-more edgtf-pl-has-filter\"  data-type=\"gallery\" data-number-of-columns=\"2\" data-space-between-items=\"medium\" data-number-of-items=\"8\" data-image-proportions=\"full\" data-enable-fixed-proportions=\"no\" data-enable-image-shadow=\"no\" data-category=\"projetos\" data-orderby=\"date\" data-order=\"DESC\" data-item-style=\"gallery-text-sliding\" data-enable-title=\"yes\" data-title-tag=\"h4\" data-enable-category=\"yes\" data-enable-count-images=\"yes\" data-enable-excerpt=\"no\" data-excerpt-length=\"20\" data-pagination-type=\"load-more\" data-filter=\"yes\" data-filter-order-by=\"name\" data-enable-article-animation=\"no\" data-portfolio-slider-on=\"no\" data-enable-loop=\"yes\" data-enable-autoplay=\"yes\" data-slider-speed=\"5000\" data-slider-speed-animation=\"600\" data-enable-navigation=\"yes\" data-enable-pagination=\"yes\" data-max-num-pages=\"2\" data-next-page=\"2\">\n\t\t<div class=\"edgtf-pl-filter-holder\" >\n\t\t<div class=\"edgtf-plf-inner\">\n\t\t\t\t\t\t\t<ul >\n\t\t\t\t\t<li class=\"edgtf-pl-filter\" data-filter=\"\">\n\t\t\t\t\t\t<span>Show all<\/span>\n\t\t\t\t\t<\/li>\n\t\t\t\t\t\t\t\t\t\t\t<li class=\"edgtf-pl-filter\" data-filter=\".portfolio-category-2022-2\">\n\t\t\t\t\t\t\t<span>2022<\/span>\n\t\t\t\t\t\t<\/li>\n\t\t\t\t\t\t\t\t\t\t\t<li class=\"edgtf-pl-filter\" data-filter=\".portfolio-category-2023\">\n\t\t\t\t\t\t\t<span>2023<\/span>\n\t\t\t\t\t\t<\/li>\n\t\t\t\t\t\t\t\t\t\t\t<li class=\"edgtf-pl-filter\" data-filter=\".portfolio-category-2024\">\n\t\t\t\t\t\t\t<span>2024<\/span>\n\t\t\t\t\t\t<\/li>\n\t\t\t\t\t\t\t\t\t\t\t<li class=\"edgtf-pl-filter\" data-filter=\".portfolio-category-2025\">\n\t\t\t\t\t\t\t<span>2025<\/span>\n\t\t\t\t\t\t<\/li>\n\t\t\t\t\t\t\t\t\t<\/ul>\n\t\t\t\t\t<\/div>\n\t<\/div>\n\t<div class=\"edgtf-pl-inner edgtf-outer-space  clearfix\">\n\t\t<article class=\"edgtf-pl-item edgtf-item-space  edgtf-pl-has-video post-4275 portfolio-item type-portfolio-item status-publish has-post-thumbnail hentry portfolio-category-77 portfolio-category-projetos\">\n\t<div class=\"edgtf-pl-item-inner\">\n\t\t<div class=\"edgtf-pli-image\">\n\t<img loading=\"lazy\" decoding=\"async\" width=\"1920\" height=\"1080\" src=\"https:\/\/brunnoalexandre.com.br\/wp-content\/uploads\/2022\/02\/Capa_Bororo.png\" class=\"attachment-full size-full wp-post-image\" alt=\"\" srcset=\"https:\/\/brunnoalexandre.com.br\/wp-content\/uploads\/2022\/02\/Capa_Bororo.png 1920w, https:\/\/brunnoalexandre.com.br\/wp-content\/uploads\/2022\/02\/Capa_Bororo-300x169.png 300w, https:\/\/brunnoalexandre.com.br\/wp-content\/uploads\/2022\/02\/Capa_Bororo-1024x576.png 1024w, https:\/\/brunnoalexandre.com.br\/wp-content\/uploads\/2022\/02\/Capa_Bororo-768x432.png 768w, https:\/\/brunnoalexandre.com.br\/wp-content\/uploads\/2022\/02\/Capa_Bororo-1536x864.png 1536w, https:\/\/brunnoalexandre.com.br\/wp-content\/uploads\/2022\/02\/Capa_Bororo-18x10.png 18w, https:\/\/brunnoalexandre.com.br\/wp-content\/uploads\/2022\/02\/Capa_Bororo-600x338.png 600w\" sizes=\"auto, (max-width: 1920px) 100vw, 1920px\" \/><\/div>\n<div class=\"edgtf-pli-text-holder\">\n\t<div class=\"edgtf-pli-text\">\n\t\t\t<h4 itemprop=\"name\" class=\"edgtf-pli-title entry-title\" >\n\t\tCanto Boiadeiro\t<\/h4>\n\t\t\t<\/div>\n<\/div>\n\t\t<a itemprop=\"url\" class=\"edgtf-pli-link edgtf-block-drag-link\" href=\"https:\/\/brunnoalexandre.com.br\/en\/portfolio-item\/canto-boiadeiro\/\" target=\"_self\"><\/a>\n\t<\/div>\n<\/article><article class=\"edgtf-pl-item edgtf-item-space  edgtf-pl-has-video post-4247 portfolio-item type-portfolio-item status-publish has-post-thumbnail hentry portfolio-category-77 portfolio-category-projetos\">\n\t<div class=\"edgtf-pl-item-inner\">\n\t\t<div class=\"edgtf-pli-image\">\n\t<img loading=\"lazy\" decoding=\"async\" width=\"1280\" height=\"720\" src=\"https:\/\/brunnoalexandre.com.br\/wp-content\/uploads\/2025\/01\/Dino-Tour.jpg\" class=\"attachment-full size-full wp-post-image\" alt=\"\" srcset=\"https:\/\/brunnoalexandre.com.br\/wp-content\/uploads\/2025\/01\/Dino-Tour.jpg 1280w, https:\/\/brunnoalexandre.com.br\/wp-content\/uploads\/2025\/01\/Dino-Tour-300x169.jpg 300w, https:\/\/brunnoalexandre.com.br\/wp-content\/uploads\/2025\/01\/Dino-Tour-1024x576.jpg 1024w, https:\/\/brunnoalexandre.com.br\/wp-content\/uploads\/2025\/01\/Dino-Tour-768x432.jpg 768w, https:\/\/brunnoalexandre.com.br\/wp-content\/uploads\/2025\/01\/Dino-Tour-18x10.jpg 18w, https:\/\/brunnoalexandre.com.br\/wp-content\/uploads\/2025\/01\/Dino-Tour-600x338.jpg 600w\" sizes=\"auto, (max-width: 1280px) 100vw, 1280px\" \/><\/div>\n<div class=\"edgtf-pli-text-holder\">\n\t<div class=\"edgtf-pli-text\">\n\t\t\t<h4 itemprop=\"name\" class=\"edgtf-pli-title entry-title\" >\n\t\tDino: Tour Paleontol\u00f3gico\t<\/h4>\n\t\t\t<\/div>\n<\/div>\n\t\t<a itemprop=\"url\" class=\"edgtf-pli-link edgtf-block-drag-link\" href=\"https:\/\/brunnoalexandre.com.br\/en\/portfolio-item\/dino-tour-paleontologico\/\" target=\"_self\"><\/a>\n\t<\/div>\n<\/article><article class=\"edgtf-pl-item edgtf-item-space  edgtf-pl-has-video post-4201 portfolio-item type-portfolio-item status-publish has-post-thumbnail hentry portfolio-category-77 portfolio-category-projetos\">\n\t<div class=\"edgtf-pl-item-inner\">\n\t\t<div class=\"edgtf-pli-image\">\n\t<img loading=\"lazy\" decoding=\"async\" width=\"1920\" height=\"1080\" src=\"https:\/\/brunnoalexandre.com.br\/wp-content\/uploads\/2024\/10\/Museu.png\" class=\"attachment-full size-full wp-post-image\" alt=\"\" srcset=\"https:\/\/brunnoalexandre.com.br\/wp-content\/uploads\/2024\/10\/Museu.png 1920w, https:\/\/brunnoalexandre.com.br\/wp-content\/uploads\/2024\/10\/Museu-300x169.png 300w, https:\/\/brunnoalexandre.com.br\/wp-content\/uploads\/2024\/10\/Museu-1024x576.png 1024w, https:\/\/brunnoalexandre.com.br\/wp-content\/uploads\/2024\/10\/Museu-768x432.png 768w, https:\/\/brunnoalexandre.com.br\/wp-content\/uploads\/2024\/10\/Museu-1536x864.png 1536w, https:\/\/brunnoalexandre.com.br\/wp-content\/uploads\/2024\/10\/Museu-18x10.png 18w, https:\/\/brunnoalexandre.com.br\/wp-content\/uploads\/2024\/10\/Museu-600x338.png 600w\" sizes=\"auto, (max-width: 1920px) 100vw, 1920px\" \/><\/div>\n<div class=\"edgtf-pli-text-holder\">\n\t<div class=\"edgtf-pli-text\">\n\t\t\t<h4 itemprop=\"name\" class=\"edgtf-pli-title entry-title\" >\n\t\tReserva T\u00e9cnica do Museu de Paleontologia de Mar\u00edlia\t<\/h4>\n\t\t\t<\/div>\n<\/div>\n\t\t<a itemprop=\"url\" class=\"edgtf-pli-link edgtf-block-drag-link\" href=\"https:\/\/brunnoalexandre.com.br\/en\/portfolio-item\/reserva-tecnica-do-museu-de-paleontologia-de-marilia\/\" target=\"_self\"><\/a>\n\t<\/div>\n<\/article><article class=\"edgtf-pl-item edgtf-item-space  edgtf-pl-has-video post-4193 portfolio-item type-portfolio-item status-publish has-post-thumbnail hentry portfolio-category-77 portfolio-category-projetos\">\n\t<div class=\"edgtf-pl-item-inner\">\n\t\t<div class=\"edgtf-pli-image\">\n\t<img loading=\"lazy\" decoding=\"async\" width=\"1600\" height=\"900\" src=\"https:\/\/brunnoalexandre.com.br\/wp-content\/uploads\/2024\/10\/Lino-Guedes_Capa.jpeg\" class=\"attachment-full size-full wp-post-image\" alt=\"\" srcset=\"https:\/\/brunnoalexandre.com.br\/wp-content\/uploads\/2024\/10\/Lino-Guedes_Capa.jpeg 1600w, https:\/\/brunnoalexandre.com.br\/wp-content\/uploads\/2024\/10\/Lino-Guedes_Capa-300x169.jpeg 300w, https:\/\/brunnoalexandre.com.br\/wp-content\/uploads\/2024\/10\/Lino-Guedes_Capa-1024x576.jpeg 1024w, https:\/\/brunnoalexandre.com.br\/wp-content\/uploads\/2024\/10\/Lino-Guedes_Capa-768x432.jpeg 768w, https:\/\/brunnoalexandre.com.br\/wp-content\/uploads\/2024\/10\/Lino-Guedes_Capa-1536x864.jpeg 1536w, https:\/\/brunnoalexandre.com.br\/wp-content\/uploads\/2024\/10\/Lino-Guedes_Capa-18x10.jpeg 18w, https:\/\/brunnoalexandre.com.br\/wp-content\/uploads\/2024\/10\/Lino-Guedes_Capa-600x338.jpeg 600w\" sizes=\"auto, (max-width: 1600px) 100vw, 1600px\" \/><\/div>\n<div class=\"edgtf-pli-text-holder\">\n\t<div class=\"edgtf-pli-text\">\n\t\t\t<h4 itemprop=\"name\" class=\"edgtf-pli-title entry-title\" >\n\t\tOcupa\u00e7\u00e3o Cultural Lino Guedes\t<\/h4>\n\t\t\t<\/div>\n<\/div>\n\t\t<a itemprop=\"url\" class=\"edgtf-pli-link edgtf-block-drag-link\" href=\"https:\/\/brunnoalexandre.com.br\/en\/portfolio-item\/ocupacao-cultural-lino-guedes\/\" target=\"_self\"><\/a>\n\t<\/div>\n<\/article><article class=\"edgtf-pl-item edgtf-item-space  edgtf-pl-has-video post-4188 portfolio-item type-portfolio-item status-publish has-post-thumbnail hentry portfolio-category-75 portfolio-category-projetos\">\n\t<div class=\"edgtf-pl-item-inner\">\n\t\t<div class=\"edgtf-pli-image\">\n\t<img loading=\"lazy\" decoding=\"async\" width=\"1920\" height=\"1080\" src=\"https:\/\/brunnoalexandre.com.br\/wp-content\/uploads\/2024\/10\/Expo.jpg\" class=\"attachment-full size-full wp-post-image\" alt=\"\" srcset=\"https:\/\/brunnoalexandre.com.br\/wp-content\/uploads\/2024\/10\/Expo.jpg 1920w, https:\/\/brunnoalexandre.com.br\/wp-content\/uploads\/2024\/10\/Expo-300x169.jpg 300w, https:\/\/brunnoalexandre.com.br\/wp-content\/uploads\/2024\/10\/Expo-1024x576.jpg 1024w, https:\/\/brunnoalexandre.com.br\/wp-content\/uploads\/2024\/10\/Expo-768x432.jpg 768w, https:\/\/brunnoalexandre.com.br\/wp-content\/uploads\/2024\/10\/Expo-1536x864.jpg 1536w, https:\/\/brunnoalexandre.com.br\/wp-content\/uploads\/2024\/10\/Expo-18x10.jpg 18w, https:\/\/brunnoalexandre.com.br\/wp-content\/uploads\/2024\/10\/Expo-600x338.jpg 600w\" sizes=\"auto, (max-width: 1920px) 100vw, 1920px\" \/><\/div>\n<div class=\"edgtf-pli-text-holder\">\n\t<div class=\"edgtf-pli-text\">\n\t\t\t<h4 itemprop=\"name\" class=\"edgtf-pli-title entry-title\" >\n\t\tExposi\u00e7\u00e3o Sebasti\u00e3o Leme: O Homem que desafiou o tempo\t<\/h4>\n\t\t\t<\/div>\n<\/div>\n\t\t<a itemprop=\"url\" class=\"edgtf-pli-link edgtf-block-drag-link\" href=\"https:\/\/brunnoalexandre.com.br\/en\/portfolio-item\/exposicao-sebastiao-leme\/\" target=\"_self\"><\/a>\n\t<\/div>\n<\/article><article class=\"edgtf-pl-item edgtf-item-space  edgtf-pl-has-video post-4050 portfolio-item type-portfolio-item status-publish has-post-thumbnail hentry portfolio-category-75 portfolio-category-projetos\">\n\t<div class=\"edgtf-pl-item-inner\">\n\t\t<div class=\"edgtf-pli-image\">\n\t<img loading=\"lazy\" decoding=\"async\" width=\"4000\" height=\"2252\" src=\"https:\/\/brunnoalexandre.com.br\/wp-content\/uploads\/2024\/10\/Dig.png\" class=\"attachment-full size-full wp-post-image\" alt=\"\" srcset=\"https:\/\/brunnoalexandre.com.br\/wp-content\/uploads\/2024\/10\/Dig.png 4000w, https:\/\/brunnoalexandre.com.br\/wp-content\/uploads\/2024\/10\/Dig-300x169.png 300w, https:\/\/brunnoalexandre.com.br\/wp-content\/uploads\/2024\/10\/Dig-1024x577.png 1024w, https:\/\/brunnoalexandre.com.br\/wp-content\/uploads\/2024\/10\/Dig-768x432.png 768w, https:\/\/brunnoalexandre.com.br\/wp-content\/uploads\/2024\/10\/Dig-1536x865.png 1536w, https:\/\/brunnoalexandre.com.br\/wp-content\/uploads\/2024\/10\/Dig-600x338.png 600w\" sizes=\"auto, (max-width: 4000px) 100vw, 4000px\" \/><\/div>\n<div class=\"edgtf-pli-text-holder\">\n\t<div class=\"edgtf-pli-text\">\n\t\t\t<h4 itemprop=\"name\" class=\"edgtf-pli-title entry-title\" >\n\t\tDigitaliza\u00e7\u00e3o Acervo Sebasti\u00e3o Leme\t<\/h4>\n\t\t\t<\/div>\n<\/div>\n\t\t<a itemprop=\"url\" class=\"edgtf-pli-link edgtf-block-drag-link\" href=\"https:\/\/brunnoalexandre.com.br\/en\/portfolio-item\/digitalizacao-acervo-sebastiao-leme\/\" target=\"_self\"><\/a>\n\t<\/div>\n<\/article><article class=\"edgtf-pl-item edgtf-item-space  edgtf-pl-has-video post-4051 portfolio-item type-portfolio-item status-publish has-post-thumbnail hentry portfolio-category-75 portfolio-category-projetos\">\n\t<div class=\"edgtf-pl-item-inner\">\n\t\t<div class=\"edgtf-pli-image\">\n\t<img loading=\"lazy\" decoding=\"async\" width=\"4000\" height=\"2252\" src=\"https:\/\/brunnoalexandre.com.br\/wp-content\/uploads\/2024\/10\/Sebastiao-Leme-1.png\" class=\"attachment-full size-full wp-post-image\" alt=\"\" srcset=\"https:\/\/brunnoalexandre.com.br\/wp-content\/uploads\/2024\/10\/Sebastiao-Leme-1.png 4000w, https:\/\/brunnoalexandre.com.br\/wp-content\/uploads\/2024\/10\/Sebastiao-Leme-1-300x169.png 300w, https:\/\/brunnoalexandre.com.br\/wp-content\/uploads\/2024\/10\/Sebastiao-Leme-1-1024x577.png 1024w, https:\/\/brunnoalexandre.com.br\/wp-content\/uploads\/2024\/10\/Sebastiao-Leme-1-768x432.png 768w, https:\/\/brunnoalexandre.com.br\/wp-content\/uploads\/2024\/10\/Sebastiao-Leme-1-1536x865.png 1536w, https:\/\/brunnoalexandre.com.br\/wp-content\/uploads\/2024\/10\/Sebastiao-Leme-1-600x338.png 600w\" sizes=\"auto, (max-width: 4000px) 100vw, 4000px\" \/><\/div>\n<div class=\"edgtf-pli-text-holder\">\n\t<div class=\"edgtf-pli-text\">\n\t\t\t<h4 itemprop=\"name\" class=\"edgtf-pli-title entry-title\" >\n\t\tExpresso Alta Paulista\t<\/h4>\n\t\t\t<\/div>\n<\/div>\n\t\t<a itemprop=\"url\" class=\"edgtf-pli-link edgtf-block-drag-link\" href=\"https:\/\/brunnoalexandre.com.br\/en\/portfolio-item\/expresso-alta-paulista\/\" target=\"_self\"><\/a>\n\t<\/div>\n<\/article><article class=\"edgtf-pl-item edgtf-item-space  edgtf-pl-has-video post-4039 portfolio-item type-portfolio-item status-publish has-post-thumbnail hentry portfolio-category-74 portfolio-category-projetos\">\n\t<div class=\"edgtf-pl-item-inner\">\n\t\t<div class=\"edgtf-pli-image\">\n\t<img loading=\"lazy\" decoding=\"async\" width=\"2560\" height=\"1441\" src=\"https:\/\/brunnoalexandre.com.br\/wp-content\/uploads\/2024\/10\/Curta-Velho-Oeste-scaled.jpg\" class=\"attachment-full size-full wp-post-image\" alt=\"\" srcset=\"https:\/\/brunnoalexandre.com.br\/wp-content\/uploads\/2024\/10\/Curta-Velho-Oeste-scaled.jpg 2560w, https:\/\/brunnoalexandre.com.br\/wp-content\/uploads\/2024\/10\/Curta-Velho-Oeste-300x169.jpg 300w, https:\/\/brunnoalexandre.com.br\/wp-content\/uploads\/2024\/10\/Curta-Velho-Oeste-1024x577.jpg 1024w, https:\/\/brunnoalexandre.com.br\/wp-content\/uploads\/2024\/10\/Curta-Velho-Oeste-768x432.jpg 768w, https:\/\/brunnoalexandre.com.br\/wp-content\/uploads\/2024\/10\/Curta-Velho-Oeste-1536x865.jpg 1536w, https:\/\/brunnoalexandre.com.br\/wp-content\/uploads\/2024\/10\/Curta-Velho-Oeste-600x338.jpg 600w\" sizes=\"auto, (max-width: 2560px) 100vw, 2560px\" \/><\/div>\n<div class=\"edgtf-pli-text-holder\">\n\t<div class=\"edgtf-pli-text\">\n\t\t\t<h4 itemprop=\"name\" class=\"edgtf-pli-title entry-title\" >\n\t\tCurta Velho Oeste\t<\/h4>\n\t\t\t<\/div>\n<\/div>\n\t\t<a itemprop=\"url\" class=\"edgtf-pli-link edgtf-block-drag-link\" href=\"https:\/\/brunnoalexandre.com.br\/en\/portfolio-item\/curtavelhooeste\/\" target=\"_self\"><\/a>\n\t<\/div>\n<\/article>\t<\/div>\n\t\n\t\t<div class=\"edgtf-pl-loading\">\n\t\t<div class=\"edgtf-pl-loading-bounce1\"><\/div>\n\t\t<div class=\"edgtf-pl-loading-bounce2\"><\/div>\n\t\t<div class=\"edgtf-pl-loading-bounce3\"><\/div>\n\t<\/div>\n\t<div class=\"edgtf-pl-load-more-holder\">\n\t\t<div class=\"edgtf-pl-load-more\" >\n\t\t\t<a itemprop=\"url\" href=\"\" target=\"_self\"  class=\"edgtf-btn edgtf-btn-medium edgtf-btn-outline edgtf-btn- edgtf-hover-animation\"  >    <span class=\"edgtf-btn-text\">Load More<\/span>    <\/a>\t\t<\/div>\n\t<\/div>\n<\/div><\/div><\/div><\/div><\/div><\/div><\/div>\n<\/div>","protected":false},"excerpt":{"rendered":"projetos \/ exibi\u00e7\u00e3o Curta Velho Oeste Coordena\u00e7\u00e3o da equipe de comunica\u00e7\u00e3o do festival de cinema dos interiores, [...]","protected":false},"author":1,"featured_media":0,"parent":0,"menu_order":0,"comment_status":"closed","ping_status":"closed","template":"full-width.php","meta":{"footnotes":""},"class_list":["post-2249","page","type-page","status-publish","hentry"],"yoast_head":"<!-- This site is optimized with the Yoast SEO plugin v26.9 - https:\/\/yoast.com\/product\/yoast-seo-wordpress\/ -->\n<title>Portf\u00f3lio - Brunno Alexandre - Portf\u00f3lio<\/title>\n<meta name=\"robots\" content=\"index, follow, max-snippet:-1, max-image-preview:large, max-video-preview:-1\" \/>\n<link rel=\"canonical\" href=\"https:\/\/brunnoalexandre.com.br\/en\/portfolio\/\" \/>\n<meta property=\"og:locale\" content=\"en_US\" \/>\n<meta property=\"og:type\" content=\"article\" \/>\n<meta property=\"og:title\" content=\"Portf\u00f3lio - Brunno Alexandre - Portf\u00f3lio\" \/>\n<meta property=\"og:url\" content=\"https:\/\/brunnoalexandre.com.br\/en\/portfolio\/\" \/>\n<meta property=\"og:site_name\" content=\"Brunno Alexandre - Portf\u00f3lio\" \/>\n<meta property=\"article:modified_time\" content=\"2024-10-16T18:05:24+00:00\" \/>\n<meta name=\"twitter:card\" content=\"summary_large_image\" \/>\n<script type=\"application\/ld+json\" class=\"yoast-schema-graph\">{\"@context\":\"https:\/\/schema.org\",\"@graph\":[{\"@type\":\"WebPage\",\"@id\":\"https:\/\/brunnoalexandre.com.br\/portfolio\/\",\"url\":\"https:\/\/brunnoalexandre.com.br\/portfolio\/\",\"name\":\"Portf\u00f3lio - Brunno Alexandre - Portf\u00f3lio\",\"isPartOf\":{\"@id\":\"https:\/\/brunnoalexandre.com.br\/#website\"},\"datePublished\":\"2018-05-07T09:17:29+00:00\",\"dateModified\":\"2024-10-16T18:05:24+00:00\",\"breadcrumb\":{\"@id\":\"https:\/\/brunnoalexandre.com.br\/portfolio\/#breadcrumb\"},\"inLanguage\":\"en-US\",\"potentialAction\":[{\"@type\":\"ReadAction\",\"target\":[\"https:\/\/brunnoalexandre.com.br\/portfolio\/\"]}]},{\"@type\":\"BreadcrumbList\",\"@id\":\"https:\/\/brunnoalexandre.com.br\/portfolio\/#breadcrumb\",\"itemListElement\":[{\"@type\":\"ListItem\",\"position\":1,\"name\":\"In\u00edcio\",\"item\":\"https:\/\/brunnoalexandre.com.br\/\"},{\"@type\":\"ListItem\",\"position\":2,\"name\":\"Portf\u00f3lio\"}]},{\"@type\":\"WebSite\",\"@id\":\"https:\/\/brunnoalexandre.com.br\/#website\",\"url\":\"https:\/\/brunnoalexandre.com.br\/\",\"name\":\"Brunno Alexandre - Portf\u00f3lio\",\"description\":\"produtor executivo e diretor de cinema\",\"potentialAction\":[{\"@type\":\"SearchAction\",\"target\":{\"@type\":\"EntryPoint\",\"urlTemplate\":\"https:\/\/brunnoalexandre.com.br\/?s={search_term_string}\"},\"query-input\":{\"@type\":\"PropertyValueSpecification\",\"valueRequired\":true,\"valueName\":\"search_term_string\"}}],\"inLanguage\":\"en-US\"}]}<\/script>\n<!-- \/ Yoast SEO plugin. -->","yoast_head_json":{"title":"Portf\u00f3lio - Brunno Alexandre - Portf\u00f3lio","robots":{"index":"index","follow":"follow","max-snippet":"max-snippet:-1","max-image-preview":"max-image-preview:large","max-video-preview":"max-video-preview:-1"},"canonical":"https:\/\/brunnoalexandre.com.br\/en\/portfolio\/","og_locale":"en_US","og_type":"article","og_title":"Portf\u00f3lio - Brunno Alexandre - Portf\u00f3lio","og_url":"https:\/\/brunnoalexandre.com.br\/en\/portfolio\/","og_site_name":"Brunno Alexandre - Portf\u00f3lio","article_modified_time":"2024-10-16T18:05:24+00:00","twitter_card":"summary_large_image","schema":{"@context":"https:\/\/schema.org","@graph":[{"@type":"WebPage","@id":"https:\/\/brunnoalexandre.com.br\/portfolio\/","url":"https:\/\/brunnoalexandre.com.br\/portfolio\/","name":"Portf\u00f3lio - Brunno Alexandre - Portf\u00f3lio","isPartOf":{"@id":"https:\/\/brunnoalexandre.com.br\/#website"},"datePublished":"2018-05-07T09:17:29+00:00","dateModified":"2024-10-16T18:05:24+00:00","breadcrumb":{"@id":"https:\/\/brunnoalexandre.com.br\/portfolio\/#breadcrumb"},"inLanguage":"en-US","potentialAction":[{"@type":"ReadAction","target":["https:\/\/brunnoalexandre.com.br\/portfolio\/"]}]},{"@type":"BreadcrumbList","@id":"https:\/\/brunnoalexandre.com.br\/portfolio\/#breadcrumb","itemListElement":[{"@type":"ListItem","position":1,"name":"In\u00edcio","item":"https:\/\/brunnoalexandre.com.br\/"},{"@type":"ListItem","position":2,"name":"Portf\u00f3lio"}]},{"@type":"WebSite","@id":"https:\/\/brunnoalexandre.com.br\/#website","url":"https:\/\/brunnoalexandre.com.br\/","name":"Brunno Alexandre - Portf\u00f3lio","description":"produtor executivo e diretor de cinema","potentialAction":[{"@type":"SearchAction","target":{"@type":"EntryPoint","urlTemplate":"https:\/\/brunnoalexandre.com.br\/?s={search_term_string}"},"query-input":{"@type":"PropertyValueSpecification","valueRequired":true,"valueName":"search_term_string"}}],"inLanguage":"en-US"}]}},"_links":{"self":[{"href":"https:\/\/brunnoalexandre.com.br\/en\/wp-json\/wp\/v2\/pages\/2249","targetHints":{"allow":["GET"]}}],"collection":[{"href":"https:\/\/brunnoalexandre.com.br\/en\/wp-json\/wp\/v2\/pages"}],"about":[{"href":"https:\/\/brunnoalexandre.com.br\/en\/wp-json\/wp\/v2\/types\/page"}],"author":[{"embeddable":true,"href":"https:\/\/brunnoalexandre.com.br\/en\/wp-json\/wp\/v2\/users\/1"}],"replies":[{"embeddable":true,"href":"https:\/\/brunnoalexandre.com.br\/en\/wp-json\/wp\/v2\/comments?post=2249"}],"version-history":[{"count":3,"href":"https:\/\/brunnoalexandre.com.br\/en\/wp-json\/wp\/v2\/pages\/2249\/revisions"}],"predecessor-version":[{"id":4204,"href":"https:\/\/brunnoalexandre.com.br\/en\/wp-json\/wp\/v2\/pages\/2249\/revisions\/4204"}],"wp:attachment":[{"href":"https:\/\/brunnoalexandre.com.br\/en\/wp-json\/wp\/v2\/media?parent=2249"}],"curies":[{"name":"wp","href":"https:\/\/api.w.org\/{rel}","templated":true}]}}