{"id":330,"date":"2018-04-17T13:57:53","date_gmt":"2018-04-17T13:57:53","guid":{"rendered":"http:\/\/cinerama.edge-themes.com\/?page_id=330"},"modified":"2025-01-06T18:05:58","modified_gmt":"2025-01-06T21:05:58","slug":"biografia","status":"publish","type":"page","link":"https:\/\/brunnoalexandre.com.br\/en\/biografia\/","title":{"rendered":"Biografia"},"content":{"rendered":"<div class=\"wpb-content-wrapper\"><div class=\"edgtf-row-grid-section-wrapper\"  ><div class=\"edgtf-row-grid-section\"><div class=\"vc_row wpb_row vc_row-fluid\" ><div class=\"wpb_column vc_column_container vc_col-sm-12\"><div class=\"vc_column-inner\"><div class=\"wpb_wrapper\">\n\t<div class=\"wpb_text_column wpb_content_element\" >\n\t\t<div class=\"wpb_wrapper\">\n\t\t\t<p>Brunno Alexandre \u00e9 produtor cinematogr\u00e1fico (DRT-0006377\/SC) e jornalista (MTB &#8211; 0080700\/SP), atua na produ\u00e7\u00e3o executiva, dire\u00e7\u00e3o geral e coordena\u00e7\u00e3o de projetos.<\/p>\n<p>Nascido em Cascavel (PR), Brunno Alexandre cresceu em Mirante do Paranapanema (SP), no Vale do Paranapanema, sua juventude e forma\u00e7\u00e3o foi em Mar\u00edlia (SP). Atualmente reside em Florian\u00f3polis (SC).<\/p>\n<p>J\u00e1 esteve \u00e0 frente de projetos em diferentes setores (cinema, educa\u00e7\u00e3o, m\u00fasica, patrim\u00f4nio, mem\u00f3ria e preserva\u00e7\u00e3o) aprovados em editais p\u00fablicos &#8211; ProAC (Programa de A\u00e7\u00e3o Cultural), Lei Rouanet e emendas parlamentares -, e em a\u00e7\u00f5es com financiamento privado.<\/p>\n<p>\u00c9 fundador do Nosso Quintal, uma produtora audiovisual que, desde 2019, produz conte\u00fado audiovisual para o cinema e web. Tamb\u00e9m tem SOUL, uma empresa de tecnologia que produz experi\u00eancias imersivas XR (Realidade Virtual e Realidade Aumentada) que j\u00e1 lan\u00e7ou experi\u00eancia com dinossauros e o aplicativo de aprendizagem musical com tecnologia.<\/p>\n<p><strong>GEST\u00c3O<br \/>\n<\/strong>2014 at\u00e9 o momento &#8211; Fundador e dire\u00e7\u00e3o geral do <u><a href=\"https:\/\/www.nonossoquintal.com.br\/\">Nosso Quintal<\/a><\/u>,\u00a0 uma produtora audiovisual que produz conte\u00fado para cinema e TV<\/p>\n<p>2022 at\u00e9 o momento &#8211; Fundador da <u><a href=\"https:\/\/soulexperienciasimersivas.com.br\/\">SOUL,<\/a><\/u> uma empresa de tecnologia focado em Experi\u00eancias Imersivas<\/p>\n<p>2023 \/ 2022 &#8211; Coordena\u00e7\u00e3o de Comunica\u00e7\u00e3o do <u><a href=\"https:\/\/www.polodovelhooeste.org\/\">Polo Audiovisual do Velho Oeste<\/a><\/u><\/p>\n<p>2023 \/ 2022 &#8211; A gest\u00e3o da <u><a href=\"https:\/\/www.instagram.com\/oestecinema\/\">Oeste Cooperativa Audiovisual,<\/a><\/u> um ecossistema do audiovisual com 30 cooperados<\/p>\n<p>2021 \/ 2022 &#8211; A gest\u00e3o da <u><a href=\"https:\/\/www.instagram.com\/sala30e3\/\">Sala 33,<\/a><\/u> um ecossistema de produtoras culturais<\/p>\n<p>2021 &#8211; Conselho de Cultura e Defesa do Patrim\u00f4nio Hist\u00f3rico<\/p>\n<p>&nbsp;<\/p>\n<p><strong>FILMOGRAFIA<br \/>\n<\/strong>2025 &#8211; Dire\u00e7\u00e3o do curta-metragem &#8220;Sert\u00e3o Noturno&#8221; (2026)<\/p>\n<p>2024 &#8211; Produ\u00e7\u00e3o Executiva e Coordena\u00e7\u00e3o de Produ\u00e7\u00e3o do curta-metragem, fic, &#8220;O Assassinato de P\u00e9 de Veludo&#8221; (2025), filme com os atores Felipe Lui, Arrigo Barnab\u00e9 e Erom Cordeiro, dire\u00e7\u00e3o de Rodrigo Grota (em pr\u00e9-produ\u00e7\u00e3o). Produ\u00e7\u00e3o Nosso Quintal e coprodu\u00e7\u00e3o Kinopus.<\/p>\n<p>2024 &#8211; Escrita do roteiro do longa-metragem &#8220;Um Nazista no Velho Oeste&#8221; (1o tratamento), em conjunto com o produtor de televis\u00e3o e\u00a0 jornalista Leonardo Moreno, sobre a passagem de Josef Mengele no Sert\u00e3o Paulista (em pr\u00e9-produ\u00e7\u00e3o)<\/p>\n<p>2024 &#8211; Dire\u00e7\u00e3o do curta-metragem <u><a href=\"https:\/\/vimeo.com\/954634003\">&#8220;Gilson de Souza&#8221; (2025)<\/a><\/u>, com fotografia de Anderson Craveiro e trilha sonora de Nema Antunes (em produ\u00e7\u00e3o)<br \/>\n2024 &#8211; Produ\u00e7\u00e3o da webs\u00e9rie &#8220;Brasil Encordas&#8221; (2024) de Z\u00e9 Tedesco e S\u00e1vio Miguel (em pr\u00e9-produ\u00e7\u00e3o).<\/p>\n<p>2023 &#8211; Produ\u00e7\u00e3o Executiva e Coordena\u00e7\u00e3o de Produ\u00e7\u00e3o do longa-metragem &#8220;Sebasti\u00e3o Leme, o Fot\u00f3grafo Inventor&#8221; (2024), com o ator Fernando Alves Pinto, com dire\u00e7\u00e3o de Rodrigo Grota e fotografia de Carlos Ebert.<br \/>\n2022 &#8211; Produ\u00e7\u00e3o Executiva e Coordena\u00e7\u00e3o de Produ\u00e7\u00e3o do curta-metragem <u><a href=\"https:\/\/vimeo.com\/817699427\">&#8220;Sebasti\u00e3o Leme&#8221; (2023)<\/a><\/u>, com dire\u00e7\u00e3o de Rodrigo Grota<\/p>\n<p>&nbsp;<\/p>\n<p><strong>PRODU\u00c7\u00c3O EXECUTIVA, DIRE\u00c7\u00c3O GERAL E PRODU\u00c7\u00c3O<\/strong><\/p>\n<p>2025 &#8211; Produ\u00e7\u00e3o e publica\u00e7\u00e3o do livro <strong>Quatro Patas &#8211; A hist\u00f3ria de Pituco<\/strong>, de Ramon Franco Barbosa e Tiago de Moraes das Chagas (pr\u00e9-produ\u00e7\u00e3o)<\/p>\n<p>2025 &#8211; Dire\u00e7\u00e3o Geral e Produ\u00e7\u00e3o Executiva do projeto de moderniza\u00e7\u00e3o da <strong>Reserva T\u00e9cnica do Museu de Paleontologia de Mar\u00edlia (SP)<\/strong> (pr\u00e9-produ\u00e7\u00e3o)<\/p>\n<p>2025 &#8211; Dire\u00e7\u00e3o Geral e Produ\u00e7\u00e3o Executiva da<strong> Ocupa\u00e7\u00e3o Cultural Lino Guedes no Museu de Socorro (SP)<\/strong>\u00a0 (pr\u00e9-produ\u00e7\u00e3o)<\/p>\n<p>2025 &#8211; Dire\u00e7\u00e3o de Produ\u00e7\u00e3o do projeto <strong>Arquitet\u00f4nico e do Memorial Descritivo de Restauro da Casa Assobradada (<\/strong>pr\u00e9-produ\u00e7\u00e3o)<br \/>\n2025 &#8211; Dire\u00e7\u00e3o Geral e Produ\u00e7\u00e3o do livro-reportagem <strong>Sebasti\u00e3o Leme: Vida e Obra<\/strong>, escrito pelo jornalista Leonardo Moreno (em produ\u00e7\u00e3o)<\/p>\n<p>2024 &#8211; Dire\u00e7\u00e3o Geral do Festival de Cinema <strong><u><a href=\"https:\/\/expressoaltapaulista.com.br\/\">Expresso Alta Paulista<\/a><br \/>\n<\/u><\/strong>2024 &#8211; Dire\u00e7\u00e3o Geral e Coordena\u00e7\u00e3o de Produ\u00e7\u00e3o do projeto de Digitaliza\u00e7\u00e3o do Acervo de Sebasti\u00e3o Leme<\/p>\n<p>2024 &#8211; Dire\u00e7\u00e3o Geral da exposi\u00e7\u00e3o do fot\u00f3grafo<strong> Sebasti\u00e3o Leme: O Homem que desafiou o tempo,<\/strong> com curadoria do curador Carlos Ebert.<\/p>\n<p>2024 &#8211; Produ\u00e7\u00e3o do <strong>projeto de moderniza\u00e7\u00e3o do Cine Esmeralda em Mar\u00edlia<\/strong> (SP)<\/p>\n<p>2023 &#8211; Produ\u00e7\u00e3o Executiva e Coordena\u00e7\u00e3o de Produ\u00e7\u00e3o da produ\u00e7\u00e3o de cinco r\u00e9plicas de dinossauros para a instala\u00e7\u00e3o no Bosque de Mar\u00edlia (SP).<\/p>\n<p>2023 &#8211; Produ\u00e7\u00e3o Executiva e Coordena\u00e7\u00e3o de Produ\u00e7\u00e3o do aplicativo Ritmo do Futuro, aprendizagem musical com realidade mista (virtual e mista).<\/p>\n<p>2021 &#8211; Dire\u00e7\u00e3o Geral do <u><a href=\"https:\/\/www.cultura.sp.gov.br\/governo-de-sp-e-proac-lab-apresentam-festival-criativo-velho-oeste\/\">Festival Criativo do Velho Oeste<\/a><\/u> \u2013 registrando em v\u00eddeo a hist\u00f3ria de mais de 25 profissionais criativos e fazedores de cultura.<\/p>\n<p>2021 &#8211; Coordena\u00e7\u00e3o Geral de <u><a href=\"https:\/\/youtu.be\/R4kUmaQjWB4\">Dino Mar\u00edlia <\/a><\/u>\u2013 <u><a href=\"https:\/\/g1.globo.com\/sp\/bauru-marilia\/especial-publicitario\/prefeitura-de-marilia\/noticias-de-marilia\/noticia\/2021\/08\/18\/museu-de-paleontologia-de-marilia-recebe-oculos-de-realidade-virtual.ghtml\">Projeto em Realidade Mista (Virtual e Aumentada)<\/a><\/u> que recriou cinco dinossauros para o Museu de Paleontologia de Mar\u00edlia (SP)<\/p>\n<p><strong><br \/>\nAUDIOVISUAL<br \/>\n<\/strong>2024 &#8211; Produ\u00e7\u00e3o e montagem do document\u00e1rio <a href=\"https:\/\/vimeo.com\/953764999\">&#8220;Platina &#8211; Ra\u00edzes e Mem\u00f3rias&#8221;<\/a><\/p>\n<p>2024 &#8211; Produ\u00e7\u00e3o do document\u00e1rio <a href=\"https:\/\/vimeo.com\/946312040\/a6d152bc3d\">&#8220;Padre Albino: Luz da Comunidade&#8221;<\/a><\/p>\n<p>2024 &#8211; Produ\u00e7\u00e3o e montagem do document\u00e1rio <a href=\"https:\/\/vimeo.com\/1009334977\">&#8220;Itapeva: Virado de Banana&#8221;<\/a><\/p>\n<p>2024 &#8211; Produ\u00e7\u00e3o e montagem do document\u00e1rio sobre <a href=\"https:\/\/vimeo.com\/1008892984?share=copy\">G\u00e1lia (SP): Nos trilhos do tempo&#8221;<\/a><\/p>\n<p>2024 &#8211; Produ\u00e7\u00e3o e montagem do document\u00e1rio sobre Oscar Bressane (SP): <a href=\"https:\/\/youtu.be\/1ZBezaBdUYE?si=3PxuLWi6I6y5v8R3\">Roteiro de Vidas &#8211; Nossa Hist\u00f3ria&#8221; (2024)<\/a><\/p>\n<p>2022 &#8211; Coordena\u00e7\u00e3o de Produ\u00e7\u00e3o do<u><a href=\"https:\/\/youtu.be\/C6GP9IcG2Lk?si=RheONRCXIo5LCwC_\"> espet\u00e1culo musical &#8220;Jazz \u00e0 La Rua&#8221;<\/a><\/u> para o Circuito SP<\/p>\n<p>2022 &#8211; Grava\u00e7\u00e3o do show &#8220;Sempre Amor, a Ilha em Bossa&#8221; de Carolina Brum no Jazzim em Florian\u00f3polis (SC)<\/p>\n<p>2022 &#8211; Dire\u00e7\u00e3o de quatro epis\u00f3dios da webs\u00e9rie <u><a href=\"https:\/\/youtu.be\/92EevasoAu0?si=QnrmZ3AkxRrOY6VS\">\u201cNo Rastro da Candeia\u201d<\/a><\/u> (2022), licenciada para a plataforma\u00a0 <u><a href=\"https:\/\/cultspplay.com.br\/\">CultSP Play<\/a><\/u><\/p>\n<p>2021 &#8211; Dire\u00e7\u00e3o do web-programa Borand\u00e1, licenciado para a plataforma <u><a href=\"https:\/\/cultspplay.com.br\/\">CultSP Play<\/a><\/u><\/p>\n<p>2021 &#8211; Produ\u00e7\u00e3o da webs\u00e9rie <u><a href=\"https:\/\/youtu.be\/lLFyZLXmMBY?si=o4tavGScQzIhEK3d\">Colibri Apresenta<\/a><\/u>, com dire\u00e7\u00e3o de El Escama<\/p>\n<p>2021 &#8211; Produ\u00e7\u00e3o do <u><a href=\"https:\/\/youtu.be\/fgcEokfK2Ms\">Bolachada Tropical<\/a><\/u>, um web-programa que discute a produ\u00e7\u00e3o fonogr\u00e1fica e o universo do vinil, licenciada para a plataforma <u><a href=\"https:\/\/cultspplay.com.br\/\">CultSP Play<\/a><\/u><\/p>\n<p>2021 &#8211; Capta\u00e7\u00e3o do web-programa <u><a href=\"https:\/\/youtu.be\/swc_PnGJyCM?si=Kqhb8Bj_JZlxzJU4\">Papo Marginal com Bruna Motta<\/a><\/u><\/p>\n<p>2020 \u2013 Dire\u00e7\u00e3o do web-document\u00e1rio <u><a href=\"https:\/\/youtu.be\/sqgJyL_H8QU?si=pfBORPmQ6EospM_P\">\u201cRelatos de Uma Pandemia\u201d <\/a><\/u>acerca da decis\u00e3o de tr\u00eas fot\u00f3grafos que decidem documentar os impactos da pandemia do coronav\u00edrus<\/p>\n<p><strong><br \/>\nCOMUNICA\u00c7\u00c3O<br \/>\n<\/strong>2023 \/ 2024 &#8211; Coordenador de comunica\u00e7\u00e3o do S\u00edtio Flor da Lua, um projeto cultural e agroflorestal situado em Sousas, distrito de Campinas (SP).<\/p>\n<p>2023 &#8211; Coordena\u00e7\u00e3o da comunica\u00e7\u00e3o do <u><a href=\"https:\/\/www.curtavelhooeste.com.br\/\">Curta Velho Oeste<\/a><\/u>, o festival de cinema de curtas metragens dos interiores do Brasil realizado em Assis (SP).<\/p>\n<p>2023 &#8211; Assessoria de Imprensa do curta-metragem <u><a href=\"https:\/\/youtu.be\/jlZ9HpFqGYY?si=XvkGetBCc4L2Ylwu\">&#8220;Ainda Restar\u00e3o Rob\u00f4s Nas Ruas do Interior Profundo&#8221;<\/a><\/u>, com dire\u00e7\u00e3o de Guilherme Xavier, que ganhou dezenas de pr\u00eamios de melhor curta-metragem em festivais nacionais e internacionais<\/p>\n<p>2022 &#8211; Coordenou a comunica\u00e7\u00e3o da <u><a href=\"https:\/\/www.assiscity.com\/local\/polo-audiovisual-oferece-20-vagas-gratuitas-para-oficina-de-ilustracao-para-animacao-118466.html\">Forma\u00e7\u00e3o Velho Oeste,<\/a><\/u> produ\u00e7\u00e3o do Polo Audiovisual do Velho e Galp\u00e3o Cultural de Assis (SP), com mais de 10 cursos de forma\u00e7\u00e3o e centenas de vagas gratuitas.<\/p>\n<p>2022 &#8211; Coordena\u00e7\u00e3o da Comunica\u00e7\u00e3o do 3o Encontro de Cinema do Interior Paulista realizado pelo ICINE (For\u00fam de Cinema do Interior Paulista).<\/p>\n<p>2019 \/ 2021 &#8211;\u00a0 Rep\u00f3rter na Revista D Mar\u00edlia<\/p>\n<p>2018 \/ 2019 &#8211;\u00a0 Rep\u00f3rter no portal digital <u><a href=\"https:\/\/marilianoticia.com.br\/\">Mar\u00edlia Not\u00edcia<\/a><\/u><\/p>\n<p>2017 \/ 2018 &#8211; Trabalhou na Jovem Pan Mar\u00edlia como rep\u00f3rter e editor no programa di\u00e1rio Jornal da Pan, realizando a capta\u00e7\u00e3o, edi\u00e7\u00e3o e produ\u00e7\u00e3o de reportagens para a r\u00e1dio<\/p>\n<p>2014 \/ 2017 &#8211; Atuou como estagi\u00e1rio no jornal O DIA de Mar\u00edlia, sendo efetivado como rep\u00f3rter em 2017<\/p>\n<p>2013 \/ 2014 &#8211; Publicou contos e cr\u00f4nicas em coluna no O DIA de Mar\u00edlia<\/p>\n<p><strong><br \/>\nM\u00daSICA<br \/>\n<\/strong>2024 &#8211; Produ\u00e7\u00e3o do single <u><a href=\"https:\/\/sergioricardo.com\/ficha\/4866\/canto-do-boiadeiro?busca=canto+boiadeiro&amp;pagina=acervo\">&#8220;Canto Boiadeiro&#8221;<\/a><\/u>, de S\u00e9rgio Ricardo (in memorian) e Felipe Boror\u00f3, com participa\u00e7\u00e3o de Mariana Lutfi e Jo\u00e3o Gurgel (em produ\u00e7\u00e3o)<\/p>\n<p>2023 &#8211; Grava\u00e7\u00e3o do segundo disco <u><a href=\"https:\/\/vimeo.com\/980755786?share=copy\">&#8220;Nada Nos Parar\u00e1&#8221;<\/a><\/u> de Nema Antunes (em produ\u00e7\u00e3o)<\/p>\n<p>2022 &#8211; Distribui\u00e7\u00e3o do disco <u><a href=\"https:\/\/open.spotify.com\/intl-pt\/album\/1poEc6JxAiKlt9CkMs7byP?si=BlX8x2KORhaCeYb1Ol2nAw\">Retrato de Longa Data,<\/a><\/u> do power trio Cosmotel<\/p>\n<p>2022 &#8211; Distribui\u00e7\u00e3o do disco <u><a href=\"https:\/\/open.spotify.com\/intl-pt\/album\/4krYW6FgvAPqYZsUoAe7Nk?si=uy6Cpp94S0uSDhlwsefRPg\">&#8220;Isa Taube &#8211; 1996&#8221;<\/a><\/u> nas plataformas digitais<\/p>\n<p>2022 &#8211; Produ\u00e7\u00e3o e lan\u00e7amento do disco <u><a href=\"https:\/\/open.spotify.com\/intl-pt\/album\/6YuKQgPKdkdKcKTu1AwhID?si=AIanC1CLRhidC4W0bDvLPA\">&#8220;Ensaio Para O Caos&#8221;<\/a><\/u>, do beatmaker e produtor MOC<\/p>\n<p>2022 &#8211; Realiza\u00e7\u00e3o de uma nova nova prensagem em CD do \u00e1lbum &#8220;Pl\u00fambeo&#8221;, o primeiro disco de Nema Antunes, com mil c\u00f3pias<\/p>\n<p>2019 &#8211; Produ\u00e7\u00e3o Executiva e Produ\u00e7\u00e3o do show de Nema Antunes em Mar\u00edlia (SP)<\/p>\n<p>2019 &#8211; Produ\u00e7\u00e3o Executiva e Produ\u00e7\u00e3o do show de <u><a href=\"https:\/\/youtube.com\/playlist?list=PLuv69wFtqzoG8qQdMXSRkHyCFNJEuQGVo&amp;si=rmx6u1M5L8t-dZu2\">Rubinho Jacob<\/a><\/u> e Klaf em Mar\u00edlia (SP)<\/p>\n<p>2018 &#8211; Produ\u00e7\u00e3o Executiva e Produ\u00e7\u00e3o do show M\u00e1rcio Lug\u00f3, via ProAC (Programa de Incentivo \u00e0 Cultura).<\/p>\n<p>2017 &#8211; Produ\u00e7\u00e3o Executiva e Produ\u00e7\u00e3o do show LUIZGA\u00a0 e Vinicius Zurlo em Mar\u00edlia (SP)<\/p>\n<p>2015 &#8211; Produ\u00e7\u00e3o Executiva e Produ\u00e7\u00e3o dos shows de <u><a href=\"https:\/\/youtu.be\/u6c1zpfJfYo?si=-Sqki4hSJs9bCsH1\">Gisele De Santi e Castello Branco <\/a><\/u>\u00a0em Mar\u00edlia (SP)<\/p>\n<p>2015 &#8211; Produ\u00e7\u00e3o Executiva e Produ\u00e7\u00e3o dos shows de LUIZGA, Luiza Brina, Fl\u00e1vio Tris e Irene Bertachini em Mar\u00edlia (SP)<\/p>\n<p><strong><br \/>\nEDUCA\u00c7\u00c3O<br \/>\n<\/strong>2025 &#8211; Curso de Produ\u00e7\u00e3o de Videoclipes (em pr\u00e9-produ\u00e7\u00e3o) via LPG 2023<\/p>\n<p>2024 &#8211; Curso de Introdu\u00e7\u00e3o ao desenvolvimento de roteiro, ministrado na Biblioteca de Mar\u00edlia (SP) em dezembro. Contrapartida da Lei Paulo Gustavo.<\/p>\n<p>2023 &#8211; <u><a href=\"https:\/\/marilianoticia.com.br\/curso-gratuito-de-producao-de-documentario-esta-com-inscricoes-abertas\/\">Curso de Produ\u00e7\u00e3o de Document\u00e1rios<\/a><\/u>, oferecido via Lei Paulo Gustavo<\/p>\n<p>2022 &#8211; Curso Presencial de Produ\u00e7\u00e3o de Projetos Culturais oferecido via Secretaria da Cultura de Mar\u00edlia (SP)<\/p>\n<p><strong>\u00a0<\/strong><\/p>\n<p><strong>CLIPPING<\/strong><\/p>\n<ul>\n<li><a href=\"https:\/\/www.giromarilia.com.br\/cidades\/marilia\/projeto-para-recuperar-casa-historica-em-marilia-avanca-no-proac-do-estado\/\">https:\/\/www.giromarilia.com.br\/cidades\/marilia\/projeto-para-recuperar-casa-historica-em-marilia-avanca-no-proac-do-estado\/<\/a><\/li>\n<li><u><a href=\"https:\/\/g1.globo.com\/sp\/bauru-marilia\/noticia\/2023\/04\/12\/sebastiao-leme-documentario-sobre-fotografo-mariliense-que-inventou-camera-360o-tem-pre-estreia.ghtml\">https:\/\/g1.globo.com\/sp\/bauru-marilia\/noticia\/2023\/04\/12\/sebastiao-leme-documentario-sobre-fotografo-mariliense-que-inventou-camera-360o-tem-pre-estreia.ghtml<\/a><\/u><\/li>\n<li><u><a href=\"https:\/\/marilianoticia.com.br\/documentario-sobre-sebastiao-leme-tem-pre-estreia-nesta-quarta\/\">https:\/\/marilianoticia.com.br\/documentario-sobre-sebastiao-leme-tem-pre-estreia-nesta-quarta\/<\/a><\/u><\/li>\n<li><u><a href=\"https:\/\/cultura.marilia.sp.gov.br\/noticias\/filme-sebastiao-leme-tem-pre-estreia-gratuita-na-quarta-feira\/1738\">https:\/\/cultura.marilia.sp.gov.br\/noticias\/filme-sebastiao-leme-tem-pre-estreia-gratuita-na-quarta-feira\/1738<\/a><\/u><\/li>\n<li><u><a href=\"https:\/\/marilianoticia.com.br\/museu-de-paleontologia-de-marilia-recebe-equipamentos-para-tour-virtual\/\">https:\/\/marilianoticia.com.br\/museu-de-paleontologia-de-marilia-recebe-equipamentos-para-tour-virtual\/<\/a><\/u><\/li>\n<li><u><a href=\"https:\/\/www.cultura.sp.gov.br\/governo-de-sp-e-proac-lab-apresentam-festival-criativo-velho-oeste\">https:\/\/www.cultura.sp.gov.br\/governo-de-sp-e-proac-lab-apresentam-festival-criativo-velho-oeste<\/a><\/u><\/li>\n<li><u><a href=\"https:\/\/marilianoticia.com.br\/nosso-quintal-apresenta-festival-criativo-velho-oeste\/\">https:\/\/marilianoticia.com.br\/nosso-quintal-apresenta-festival-criativo-velho-oeste\/<\/a><\/u><\/li>\n<li><u><a href=\"https:\/\/exame.com\/bussola\/bussola-cultural-semana-tem-cinema-negro-no-mis-e-anjo-na-virada\">https:\/\/exame.com\/bussola\/bussola-cultural-semana-tem-cinema-negro-no-mis-e-anjo-na-virada<\/a><\/u><\/li>\n<li><u><a href=\"https:\/\/www.anf.org.br\/festival-criativo-velho-oeste-apresenta-o-melhor-do-interior-de-sp\">https:\/\/www.anf.org.br\/festival-criativo-velho-oeste-apresenta-o-melhor-do-interior-de-sp<\/a><\/u><\/li>\n<li><u><a href=\"https:\/\/marilianoticia.com.br\/produtores-fazem-balanco-do-festival-criativo-velho-oeste\/\">https:\/\/marilianoticia.com.br\/produtores-fazem-balanco-do-festival-criativo-velho-oeste\/<\/a><\/u><\/li>\n<\/ul>\n<p>&nbsp;<\/p>\n<p>.<\/p>\n\n\t\t<\/div>\n\t<\/div>\n<\/div><\/div><\/div><\/div><\/div><\/div>\n<\/div>","protected":false},"excerpt":{"rendered":"Brunno Alexandre \u00e9 produtor cinematogr\u00e1fico (DRT-0006377\/SC) e jornalista (MTB - 0080700\/SP), atua na produ\u00e7\u00e3o executiva, dire\u00e7\u00e3o geral [...]","protected":false},"author":1,"featured_media":0,"parent":0,"menu_order":0,"comment_status":"closed","ping_status":"closed","template":"full-width.php","meta":{"footnotes":""},"class_list":["post-330","page","type-page","status-publish","hentry"],"yoast_head":"<!-- This site is optimized with the Yoast SEO plugin v26.9 - https:\/\/yoast.com\/product\/yoast-seo-wordpress\/ -->\n<title>Biografia - Brunno Alexandre - Portf\u00f3lio<\/title>\n<meta name=\"robots\" content=\"index, follow, max-snippet:-1, max-image-preview:large, max-video-preview:-1\" \/>\n<link rel=\"canonical\" href=\"https:\/\/brunnoalexandre.com.br\/en\/biografia\/\" \/>\n<meta property=\"og:locale\" content=\"en_US\" \/>\n<meta property=\"og:type\" content=\"article\" \/>\n<meta property=\"og:title\" content=\"Biografia - Brunno Alexandre - Portf\u00f3lio\" \/>\n<meta property=\"og:url\" content=\"https:\/\/brunnoalexandre.com.br\/en\/biografia\/\" \/>\n<meta property=\"og:site_name\" content=\"Brunno Alexandre - Portf\u00f3lio\" \/>\n<meta property=\"article:modified_time\" content=\"2025-01-06T21:05:58+00:00\" \/>\n<meta name=\"twitter:card\" content=\"summary_large_image\" \/>\n<meta name=\"twitter:label1\" content=\"Est. reading time\" \/>\n\t<meta name=\"twitter:data1\" content=\"13 minutes\" \/>\n<script type=\"application\/ld+json\" class=\"yoast-schema-graph\">{\"@context\":\"https:\/\/schema.org\",\"@graph\":[{\"@type\":\"WebPage\",\"@id\":\"https:\/\/brunnoalexandre.com.br\/biografia\/\",\"url\":\"https:\/\/brunnoalexandre.com.br\/biografia\/\",\"name\":\"Biografia - Brunno Alexandre - Portf\u00f3lio\",\"isPartOf\":{\"@id\":\"https:\/\/brunnoalexandre.com.br\/#website\"},\"datePublished\":\"2018-04-17T13:57:53+00:00\",\"dateModified\":\"2025-01-06T21:05:58+00:00\",\"breadcrumb\":{\"@id\":\"https:\/\/brunnoalexandre.com.br\/biografia\/#breadcrumb\"},\"inLanguage\":\"en-US\",\"potentialAction\":[{\"@type\":\"ReadAction\",\"target\":[\"https:\/\/brunnoalexandre.com.br\/biografia\/\"]}]},{\"@type\":\"BreadcrumbList\",\"@id\":\"https:\/\/brunnoalexandre.com.br\/biografia\/#breadcrumb\",\"itemListElement\":[{\"@type\":\"ListItem\",\"position\":1,\"name\":\"In\u00edcio\",\"item\":\"https:\/\/brunnoalexandre.com.br\/\"},{\"@type\":\"ListItem\",\"position\":2,\"name\":\"Biografia\"}]},{\"@type\":\"WebSite\",\"@id\":\"https:\/\/brunnoalexandre.com.br\/#website\",\"url\":\"https:\/\/brunnoalexandre.com.br\/\",\"name\":\"Brunno Alexandre - Portf\u00f3lio\",\"description\":\"produtor executivo e diretor de cinema\",\"potentialAction\":[{\"@type\":\"SearchAction\",\"target\":{\"@type\":\"EntryPoint\",\"urlTemplate\":\"https:\/\/brunnoalexandre.com.br\/?s={search_term_string}\"},\"query-input\":{\"@type\":\"PropertyValueSpecification\",\"valueRequired\":true,\"valueName\":\"search_term_string\"}}],\"inLanguage\":\"en-US\"}]}<\/script>\n<!-- \/ Yoast SEO plugin. -->","yoast_head_json":{"title":"Biografia - Brunno Alexandre - Portf\u00f3lio","robots":{"index":"index","follow":"follow","max-snippet":"max-snippet:-1","max-image-preview":"max-image-preview:large","max-video-preview":"max-video-preview:-1"},"canonical":"https:\/\/brunnoalexandre.com.br\/en\/biografia\/","og_locale":"en_US","og_type":"article","og_title":"Biografia - Brunno Alexandre - Portf\u00f3lio","og_url":"https:\/\/brunnoalexandre.com.br\/en\/biografia\/","og_site_name":"Brunno Alexandre - Portf\u00f3lio","article_modified_time":"2025-01-06T21:05:58+00:00","twitter_card":"summary_large_image","twitter_misc":{"Est. reading time":"13 minutes"},"schema":{"@context":"https:\/\/schema.org","@graph":[{"@type":"WebPage","@id":"https:\/\/brunnoalexandre.com.br\/biografia\/","url":"https:\/\/brunnoalexandre.com.br\/biografia\/","name":"Biografia - Brunno Alexandre - Portf\u00f3lio","isPartOf":{"@id":"https:\/\/brunnoalexandre.com.br\/#website"},"datePublished":"2018-04-17T13:57:53+00:00","dateModified":"2025-01-06T21:05:58+00:00","breadcrumb":{"@id":"https:\/\/brunnoalexandre.com.br\/biografia\/#breadcrumb"},"inLanguage":"en-US","potentialAction":[{"@type":"ReadAction","target":["https:\/\/brunnoalexandre.com.br\/biografia\/"]}]},{"@type":"BreadcrumbList","@id":"https:\/\/brunnoalexandre.com.br\/biografia\/#breadcrumb","itemListElement":[{"@type":"ListItem","position":1,"name":"In\u00edcio","item":"https:\/\/brunnoalexandre.com.br\/"},{"@type":"ListItem","position":2,"name":"Biografia"}]},{"@type":"WebSite","@id":"https:\/\/brunnoalexandre.com.br\/#website","url":"https:\/\/brunnoalexandre.com.br\/","name":"Brunno Alexandre - Portf\u00f3lio","description":"produtor executivo e diretor de cinema","potentialAction":[{"@type":"SearchAction","target":{"@type":"EntryPoint","urlTemplate":"https:\/\/brunnoalexandre.com.br\/?s={search_term_string}"},"query-input":{"@type":"PropertyValueSpecification","valueRequired":true,"valueName":"search_term_string"}}],"inLanguage":"en-US"}]}},"_links":{"self":[{"href":"https:\/\/brunnoalexandre.com.br\/en\/wp-json\/wp\/v2\/pages\/330","targetHints":{"allow":["GET"]}}],"collection":[{"href":"https:\/\/brunnoalexandre.com.br\/en\/wp-json\/wp\/v2\/pages"}],"about":[{"href":"https:\/\/brunnoalexandre.com.br\/en\/wp-json\/wp\/v2\/types\/page"}],"author":[{"embeddable":true,"href":"https:\/\/brunnoalexandre.com.br\/en\/wp-json\/wp\/v2\/users\/1"}],"replies":[{"embeddable":true,"href":"https:\/\/brunnoalexandre.com.br\/en\/wp-json\/wp\/v2\/comments?post=330"}],"version-history":[{"count":13,"href":"https:\/\/brunnoalexandre.com.br\/en\/wp-json\/wp\/v2\/pages\/330\/revisions"}],"predecessor-version":[{"id":4266,"href":"https:\/\/brunnoalexandre.com.br\/en\/wp-json\/wp\/v2\/pages\/330\/revisions\/4266"}],"wp:attachment":[{"href":"https:\/\/brunnoalexandre.com.br\/en\/wp-json\/wp\/v2\/media?parent=330"}],"curies":[{"name":"wp","href":"https:\/\/api.w.org\/{rel}","templated":true}]}}