{"id":4004,"date":"2024-10-04T13:26:14","date_gmt":"2024-10-04T16:26:14","guid":{"rendered":"https:\/\/brunnoalexandre.com.br\/?page_id=4004"},"modified":"2024-10-16T15:09:08","modified_gmt":"2024-10-16T18:09:08","slug":"filmografia","status":"publish","type":"page","link":"https:\/\/brunnoalexandre.com.br\/en\/filmografia\/","title":{"rendered":"Filmografia"},"content":{"rendered":"<div class=\"wpb-content-wrapper\"><div class=\"edgtf-row-grid-section-wrapper\"  ><div class=\"edgtf-row-grid-section\"><div class=\"vc_row wpb_row vc_row-fluid vc_custom_1525774360690\" ><div class=\"wpb_column vc_column_container vc_col-sm-12\"><div class=\"vc_column-inner\"><div class=\"wpb_wrapper\"><div class=\"edgtf-portfolio-list-holder edgtf-pl-gallery  edgtf-large-space edgtf-pl-three-columns edgtf-pl-standard-shader    edgtf-pl-pag-no-pagination\"  data-type=\"gallery\" data-space-between-items=\"large\" data-number-of-items=\"-1\" data-image-proportions=\"full\" data-enable-fixed-proportions=\"no\" data-enable-image-shadow=\"no\" data-category=\"filmes\" data-orderby=\"date\" data-order=\"DESC\" data-item-style=\"standard-shader\" data-enable-title=\"yes\" data-title-tag=\"h4\" data-enable-category=\"yes\" data-enable-count-images=\"yes\" data-enable-excerpt=\"no\" data-excerpt-length=\"20\" data-pagination-type=\"no-pagination\" data-filter=\"no\" data-filter-order-by=\"name\" data-enable-article-animation=\"no\" data-portfolio-slider-on=\"no\" data-enable-loop=\"yes\" data-enable-autoplay=\"yes\" data-slider-speed=\"5000\" data-slider-speed-animation=\"600\" data-enable-navigation=\"yes\" data-enable-pagination=\"yes\" data-max-num-pages=\"0\" data-next-page=\"2\">\n\t\t<div class=\"edgtf-pl-inner edgtf-outer-space  clearfix\">\n\t\t<article class=\"edgtf-pl-item edgtf-item-space  edgtf-pl-has-video post-4030 portfolio-item type-portfolio-item status-publish has-post-thumbnail hentry portfolio-category-filmes\">\n\t<div class=\"edgtf-pl-item-inner\">\n\t\t<div class=\"edgtf-pli-image\">\n\t<img loading=\"lazy\" decoding=\"async\" width=\"1810\" height=\"2560\" src=\"https:\/\/brunnoalexandre.com.br\/wp-content\/uploads\/2024\/10\/Oassassinatodepedeveludo-scaled.jpg\" class=\"attachment-full size-full wp-post-image\" alt=\"\" srcset=\"https:\/\/brunnoalexandre.com.br\/wp-content\/uploads\/2024\/10\/Oassassinatodepedeveludo-scaled.jpg 1810w, https:\/\/brunnoalexandre.com.br\/wp-content\/uploads\/2024\/10\/Oassassinatodepedeveludo-212x300.jpg 212w, https:\/\/brunnoalexandre.com.br\/wp-content\/uploads\/2024\/10\/Oassassinatodepedeveludo-724x1024.jpg 724w, https:\/\/brunnoalexandre.com.br\/wp-content\/uploads\/2024\/10\/Oassassinatodepedeveludo-768x1086.jpg 768w, https:\/\/brunnoalexandre.com.br\/wp-content\/uploads\/2024\/10\/Oassassinatodepedeveludo-1086x1536.jpg 1086w, https:\/\/brunnoalexandre.com.br\/wp-content\/uploads\/2024\/10\/Oassassinatodepedeveludo-1448x2048.jpg 1448w, https:\/\/brunnoalexandre.com.br\/wp-content\/uploads\/2024\/10\/Oassassinatodepedeveludo-600x849.jpg 600w\" sizes=\"auto, (max-width: 1810px) 100vw, 1810px\" \/><\/div>\n<div class=\"edgtf-pli-text-holder\" >\n\t<div class=\"edgtf-pli-text-wrapper\">\n\t\t<div class=\"edgtf-pli-text\">\n\t\t\t\t<h4 itemprop=\"name\" class=\"edgtf-pli-title entry-title\" >\n\t\tO Assassinato de P\u00e9 de Veludo\t<\/h4>\n\n\t\t\t\t\t<div class=\"edgtf-pli-category-holder\">\n\t\t\t\t\t\t\t<a itemprop=\"url\" class=\"edgtf-pli-category\" href=\"https:\/\/brunnoalexandre.com.br\/en\/portfolio-category\/filmes\/\">Filmes<\/a>\n\t\t\t\t\t<\/div>\n\t\n\t\t\t\n\t\t\t\t\t<\/div>\n\t<\/div>\n<\/div>\n\t\t<a itemprop=\"url\" class=\"edgtf-pli-link edgtf-block-drag-link\" href=\"https:\/\/brunnoalexandre.com.br\/en\/portfolio-item\/o-assassinato-de-pe-de-veludo\/\" target=\"_self\"><\/a>\n\t<\/div>\n<\/article><article class=\"edgtf-pl-item edgtf-item-space  edgtf-pl-has-video post-3881 portfolio-item type-portfolio-item status-publish has-post-thumbnail hentry portfolio-category-filmes\">\n\t<div class=\"edgtf-pl-item-inner\">\n\t\t<div class=\"edgtf-pli-image\">\n\t<img loading=\"lazy\" decoding=\"async\" width=\"1131\" height=\"1600\" src=\"https:\/\/brunnoalexandre.com.br\/wp-content\/uploads\/2024\/09\/Gilson-de-Souza_2025.jpeg\" class=\"attachment-full size-full wp-post-image\" alt=\"\" srcset=\"https:\/\/brunnoalexandre.com.br\/wp-content\/uploads\/2024\/09\/Gilson-de-Souza_2025.jpeg 1131w, https:\/\/brunnoalexandre.com.br\/wp-content\/uploads\/2024\/09\/Gilson-de-Souza_2025-212x300.jpeg 212w, https:\/\/brunnoalexandre.com.br\/wp-content\/uploads\/2024\/09\/Gilson-de-Souza_2025-724x1024.jpeg 724w, https:\/\/brunnoalexandre.com.br\/wp-content\/uploads\/2024\/09\/Gilson-de-Souza_2025-768x1086.jpeg 768w, https:\/\/brunnoalexandre.com.br\/wp-content\/uploads\/2024\/09\/Gilson-de-Souza_2025-1086x1536.jpeg 1086w, https:\/\/brunnoalexandre.com.br\/wp-content\/uploads\/2024\/09\/Gilson-de-Souza_2025-600x849.jpeg 600w\" sizes=\"auto, (max-width: 1131px) 100vw, 1131px\" \/><\/div>\n<div class=\"edgtf-pli-text-holder\" >\n\t<div class=\"edgtf-pli-text-wrapper\">\n\t\t<div class=\"edgtf-pli-text\">\n\t\t\t\t<h4 itemprop=\"name\" class=\"edgtf-pli-title entry-title\" >\n\t\tGilson de Souza\t<\/h4>\n\n\t\t\t\t\t<div class=\"edgtf-pli-category-holder\">\n\t\t\t\t\t\t\t<a itemprop=\"url\" class=\"edgtf-pli-category\" href=\"https:\/\/brunnoalexandre.com.br\/en\/portfolio-category\/filmes\/\">Filmes<\/a>\n\t\t\t\t\t<\/div>\n\t\n\t\t\t\n\t\t\t\t\t<\/div>\n\t<\/div>\n<\/div>\n\t\t<a itemprop=\"url\" class=\"edgtf-pli-link edgtf-block-drag-link\" href=\"https:\/\/brunnoalexandre.com.br\/en\/portfolio-item\/gilsondesouza\/\" target=\"_self\"><\/a>\n\t<\/div>\n<\/article><article class=\"edgtf-pl-item edgtf-item-space  edgtf-pl-has-video post-4029 portfolio-item type-portfolio-item status-publish has-post-thumbnail hentry portfolio-category-filmes\">\n\t<div class=\"edgtf-pl-item-inner\">\n\t\t<div class=\"edgtf-pli-image\">\n\t<img loading=\"lazy\" decoding=\"async\" width=\"1810\" height=\"2560\" src=\"https:\/\/brunnoalexandre.com.br\/wp-content\/uploads\/2024\/09\/CARTAZ-PRINCIPAL-Sebastiao-Leme-scaled.jpg\" class=\"attachment-full size-full wp-post-image\" alt=\"\" srcset=\"https:\/\/brunnoalexandre.com.br\/wp-content\/uploads\/2024\/09\/CARTAZ-PRINCIPAL-Sebastiao-Leme-scaled.jpg 1810w, https:\/\/brunnoalexandre.com.br\/wp-content\/uploads\/2024\/09\/CARTAZ-PRINCIPAL-Sebastiao-Leme-212x300.jpg 212w, https:\/\/brunnoalexandre.com.br\/wp-content\/uploads\/2024\/09\/CARTAZ-PRINCIPAL-Sebastiao-Leme-724x1024.jpg 724w, https:\/\/brunnoalexandre.com.br\/wp-content\/uploads\/2024\/09\/CARTAZ-PRINCIPAL-Sebastiao-Leme-768x1086.jpg 768w, https:\/\/brunnoalexandre.com.br\/wp-content\/uploads\/2024\/09\/CARTAZ-PRINCIPAL-Sebastiao-Leme-1086x1536.jpg 1086w, https:\/\/brunnoalexandre.com.br\/wp-content\/uploads\/2024\/09\/CARTAZ-PRINCIPAL-Sebastiao-Leme-1448x2048.jpg 1448w, https:\/\/brunnoalexandre.com.br\/wp-content\/uploads\/2024\/09\/CARTAZ-PRINCIPAL-Sebastiao-Leme-600x849.jpg 600w\" sizes=\"auto, (max-width: 1810px) 100vw, 1810px\" \/><\/div>\n<div class=\"edgtf-pli-text-holder\" >\n\t<div class=\"edgtf-pli-text-wrapper\">\n\t\t<div class=\"edgtf-pli-text\">\n\t\t\t\t<h4 itemprop=\"name\" class=\"edgtf-pli-title entry-title\" >\n\t\tSebasti\u00e3o Leme, o Fot\u00f3grafo Inventor\t<\/h4>\n\n\t\t\t\t\t<div class=\"edgtf-pli-category-holder\">\n\t\t\t\t\t\t\t<a itemprop=\"url\" class=\"edgtf-pli-category\" href=\"https:\/\/brunnoalexandre.com.br\/en\/portfolio-category\/filmes\/\">Filmes<\/a>\n\t\t\t\t\t<\/div>\n\t\n\t\t\t\n\t\t\t\t\t<\/div>\n\t<\/div>\n<\/div>\n\t\t<a itemprop=\"url\" class=\"edgtf-pli-link edgtf-block-drag-link\" href=\"https:\/\/brunnoalexandre.com.br\/en\/portfolio-item\/sebastiao-leme-o-fotografo-inventor\/\" target=\"_self\"><\/a>\n\t<\/div>\n<\/article><article class=\"edgtf-pl-item edgtf-item-space  edgtf-pl-has-video post-4069 portfolio-item type-portfolio-item status-publish has-post-thumbnail hentry portfolio-category-filmes\">\n\t<div class=\"edgtf-pl-item-inner\">\n\t\t<div class=\"edgtf-pli-image\">\n\t<img loading=\"lazy\" decoding=\"async\" width=\"1131\" height=\"1600\" src=\"https:\/\/brunnoalexandre.com.br\/wp-content\/uploads\/2024\/09\/Sebastiao-Leme_curtametragem.jpeg\" class=\"attachment-full size-full wp-post-image\" alt=\"\" srcset=\"https:\/\/brunnoalexandre.com.br\/wp-content\/uploads\/2024\/09\/Sebastiao-Leme_curtametragem.jpeg 1131w, https:\/\/brunnoalexandre.com.br\/wp-content\/uploads\/2024\/09\/Sebastiao-Leme_curtametragem-212x300.jpeg 212w, https:\/\/brunnoalexandre.com.br\/wp-content\/uploads\/2024\/09\/Sebastiao-Leme_curtametragem-724x1024.jpeg 724w, https:\/\/brunnoalexandre.com.br\/wp-content\/uploads\/2024\/09\/Sebastiao-Leme_curtametragem-768x1086.jpeg 768w, https:\/\/brunnoalexandre.com.br\/wp-content\/uploads\/2024\/09\/Sebastiao-Leme_curtametragem-1086x1536.jpeg 1086w, https:\/\/brunnoalexandre.com.br\/wp-content\/uploads\/2024\/09\/Sebastiao-Leme_curtametragem-600x849.jpeg 600w\" sizes=\"auto, (max-width: 1131px) 100vw, 1131px\" \/><\/div>\n<div class=\"edgtf-pli-text-holder\" >\n\t<div class=\"edgtf-pli-text-wrapper\">\n\t\t<div class=\"edgtf-pli-text\">\n\t\t\t\t<h4 itemprop=\"name\" class=\"edgtf-pli-title entry-title\" >\n\t\tSebasti\u00e3o Leme\t<\/h4>\n\n\t\t\t\t\t<div class=\"edgtf-pli-category-holder\">\n\t\t\t\t\t\t\t<a itemprop=\"url\" class=\"edgtf-pli-category\" href=\"https:\/\/brunnoalexandre.com.br\/en\/portfolio-category\/filmes\/\">Filmes<\/a>\n\t\t\t\t\t<\/div>\n\t\n\t\t\t\n\t\t\t\t\t<\/div>\n\t<\/div>\n<\/div>\n\t\t<a itemprop=\"url\" class=\"edgtf-pli-link edgtf-block-drag-link\" href=\"https:\/\/brunnoalexandre.com.br\/en\/portfolio-item\/sebastiao-leme\/\" target=\"_self\"><\/a>\n\t<\/div>\n<\/article>\t<\/div>\n\t\n\t<\/div><\/div><\/div><\/div><\/div><\/div><\/div>\n<\/div>","protected":false},"excerpt":{"rendered":"\u00a0 Filmes \/ Biografia Sebasti\u00e3o Leme A trajet\u00f3ria art\u00edstica de Sebasti\u00e3o Carvalho Leme (1918-2007), autor de uma [...]","protected":false},"author":1,"featured_media":0,"parent":0,"menu_order":0,"comment_status":"closed","ping_status":"closed","template":"full-width.php","meta":{"footnotes":""},"class_list":["post-4004","page","type-page","status-publish","hentry"],"yoast_head":"<!-- This site is optimized with the Yoast SEO plugin v26.9 - https:\/\/yoast.com\/product\/yoast-seo-wordpress\/ -->\n<title>Filmografia - Brunno Alexandre - Portf\u00f3lio<\/title>\n<meta name=\"robots\" content=\"index, follow, max-snippet:-1, max-image-preview:large, max-video-preview:-1\" \/>\n<link rel=\"canonical\" href=\"https:\/\/brunnoalexandre.com.br\/en\/filmografia\/\" \/>\n<meta property=\"og:locale\" content=\"en_US\" \/>\n<meta property=\"og:type\" content=\"article\" \/>\n<meta property=\"og:title\" content=\"Filmografia - Brunno Alexandre - Portf\u00f3lio\" \/>\n<meta property=\"og:url\" content=\"https:\/\/brunnoalexandre.com.br\/en\/filmografia\/\" \/>\n<meta property=\"og:site_name\" content=\"Brunno Alexandre - Portf\u00f3lio\" \/>\n<meta property=\"article:modified_time\" content=\"2024-10-16T18:09:08+00:00\" \/>\n<meta name=\"twitter:card\" content=\"summary_large_image\" \/>\n<script type=\"application\/ld+json\" class=\"yoast-schema-graph\">{\"@context\":\"https:\/\/schema.org\",\"@graph\":[{\"@type\":\"WebPage\",\"@id\":\"https:\/\/brunnoalexandre.com.br\/filmografia\/\",\"url\":\"https:\/\/brunnoalexandre.com.br\/filmografia\/\",\"name\":\"Filmografia - Brunno Alexandre - Portf\u00f3lio\",\"isPartOf\":{\"@id\":\"https:\/\/brunnoalexandre.com.br\/#website\"},\"datePublished\":\"2024-10-04T16:26:14+00:00\",\"dateModified\":\"2024-10-16T18:09:08+00:00\",\"breadcrumb\":{\"@id\":\"https:\/\/brunnoalexandre.com.br\/filmografia\/#breadcrumb\"},\"inLanguage\":\"en-US\",\"potentialAction\":[{\"@type\":\"ReadAction\",\"target\":[\"https:\/\/brunnoalexandre.com.br\/filmografia\/\"]}]},{\"@type\":\"BreadcrumbList\",\"@id\":\"https:\/\/brunnoalexandre.com.br\/filmografia\/#breadcrumb\",\"itemListElement\":[{\"@type\":\"ListItem\",\"position\":1,\"name\":\"In\u00edcio\",\"item\":\"https:\/\/brunnoalexandre.com.br\/\"},{\"@type\":\"ListItem\",\"position\":2,\"name\":\"Filmografia\"}]},{\"@type\":\"WebSite\",\"@id\":\"https:\/\/brunnoalexandre.com.br\/#website\",\"url\":\"https:\/\/brunnoalexandre.com.br\/\",\"name\":\"Brunno Alexandre - Portf\u00f3lio\",\"description\":\"produtor executivo e diretor de cinema\",\"potentialAction\":[{\"@type\":\"SearchAction\",\"target\":{\"@type\":\"EntryPoint\",\"urlTemplate\":\"https:\/\/brunnoalexandre.com.br\/?s={search_term_string}\"},\"query-input\":{\"@type\":\"PropertyValueSpecification\",\"valueRequired\":true,\"valueName\":\"search_term_string\"}}],\"inLanguage\":\"en-US\"}]}<\/script>\n<!-- \/ Yoast SEO plugin. -->","yoast_head_json":{"title":"Filmografia - Brunno Alexandre - Portf\u00f3lio","robots":{"index":"index","follow":"follow","max-snippet":"max-snippet:-1","max-image-preview":"max-image-preview:large","max-video-preview":"max-video-preview:-1"},"canonical":"https:\/\/brunnoalexandre.com.br\/en\/filmografia\/","og_locale":"en_US","og_type":"article","og_title":"Filmografia - Brunno Alexandre - Portf\u00f3lio","og_url":"https:\/\/brunnoalexandre.com.br\/en\/filmografia\/","og_site_name":"Brunno Alexandre - Portf\u00f3lio","article_modified_time":"2024-10-16T18:09:08+00:00","twitter_card":"summary_large_image","schema":{"@context":"https:\/\/schema.org","@graph":[{"@type":"WebPage","@id":"https:\/\/brunnoalexandre.com.br\/filmografia\/","url":"https:\/\/brunnoalexandre.com.br\/filmografia\/","name":"Filmografia - Brunno Alexandre - Portf\u00f3lio","isPartOf":{"@id":"https:\/\/brunnoalexandre.com.br\/#website"},"datePublished":"2024-10-04T16:26:14+00:00","dateModified":"2024-10-16T18:09:08+00:00","breadcrumb":{"@id":"https:\/\/brunnoalexandre.com.br\/filmografia\/#breadcrumb"},"inLanguage":"en-US","potentialAction":[{"@type":"ReadAction","target":["https:\/\/brunnoalexandre.com.br\/filmografia\/"]}]},{"@type":"BreadcrumbList","@id":"https:\/\/brunnoalexandre.com.br\/filmografia\/#breadcrumb","itemListElement":[{"@type":"ListItem","position":1,"name":"In\u00edcio","item":"https:\/\/brunnoalexandre.com.br\/"},{"@type":"ListItem","position":2,"name":"Filmografia"}]},{"@type":"WebSite","@id":"https:\/\/brunnoalexandre.com.br\/#website","url":"https:\/\/brunnoalexandre.com.br\/","name":"Brunno Alexandre - Portf\u00f3lio","description":"produtor executivo e diretor de cinema","potentialAction":[{"@type":"SearchAction","target":{"@type":"EntryPoint","urlTemplate":"https:\/\/brunnoalexandre.com.br\/?s={search_term_string}"},"query-input":{"@type":"PropertyValueSpecification","valueRequired":true,"valueName":"search_term_string"}}],"inLanguage":"en-US"}]}},"_links":{"self":[{"href":"https:\/\/brunnoalexandre.com.br\/en\/wp-json\/wp\/v2\/pages\/4004","targetHints":{"allow":["GET"]}}],"collection":[{"href":"https:\/\/brunnoalexandre.com.br\/en\/wp-json\/wp\/v2\/pages"}],"about":[{"href":"https:\/\/brunnoalexandre.com.br\/en\/wp-json\/wp\/v2\/types\/page"}],"author":[{"embeddable":true,"href":"https:\/\/brunnoalexandre.com.br\/en\/wp-json\/wp\/v2\/users\/1"}],"replies":[{"embeddable":true,"href":"https:\/\/brunnoalexandre.com.br\/en\/wp-json\/wp\/v2\/comments?post=4004"}],"version-history":[{"count":4,"href":"https:\/\/brunnoalexandre.com.br\/en\/wp-json\/wp\/v2\/pages\/4004\/revisions"}],"predecessor-version":[{"id":4205,"href":"https:\/\/brunnoalexandre.com.br\/en\/wp-json\/wp\/v2\/pages\/4004\/revisions\/4205"}],"wp:attachment":[{"href":"https:\/\/brunnoalexandre.com.br\/en\/wp-json\/wp\/v2\/media?parent=4004"}],"curies":[{"name":"wp","href":"https:\/\/api.w.org\/{rel}","templated":true}]}}