{"id":4207,"date":"2024-10-16T15:21:14","date_gmt":"2024-10-16T18:21:14","guid":{"rendered":"https:\/\/brunnoalexandre.com.br\/?page_id=4207"},"modified":"2024-10-16T15:23:20","modified_gmt":"2024-10-16T18:23:20","slug":"captacao","status":"publish","type":"page","link":"https:\/\/brunnoalexandre.com.br\/en\/captacao\/","title":{"rendered":"Capta\u00e7\u00e3o"},"content":{"rendered":"<div class=\"wpb-content-wrapper\"><div class=\"edgtf-row-grid-section-wrapper\"  ><div class=\"edgtf-row-grid-section\"><div class=\"vc_row wpb_row vc_row-fluid vc_custom_1525774360690\" ><div class=\"wpb_column vc_column_container vc_col-sm-12\"><div class=\"vc_column-inner\"><div class=\"wpb_wrapper\"><div class=\"edgtf-portfolio-list-holder edgtf-pl-gallery  edgtf-medium-space edgtf-pl-two-columns edgtf-pl-gallery-text-sliding    edgtf-pl-pag-load-more edgtf-pl-has-filter\"  data-type=\"gallery\" data-number-of-columns=\"2\" data-space-between-items=\"medium\" data-number-of-items=\"8\" data-image-proportions=\"full\" data-enable-fixed-proportions=\"no\" data-enable-image-shadow=\"no\" data-category=\"captacao\" data-orderby=\"date\" data-order=\"DESC\" data-item-style=\"gallery-text-sliding\" data-enable-title=\"yes\" data-title-tag=\"h4\" data-enable-category=\"yes\" data-enable-count-images=\"yes\" data-enable-excerpt=\"no\" data-excerpt-length=\"20\" data-pagination-type=\"load-more\" data-filter=\"yes\" data-filter-order-by=\"name\" data-enable-article-animation=\"no\" data-portfolio-slider-on=\"no\" data-enable-loop=\"yes\" data-enable-autoplay=\"yes\" data-slider-speed=\"5000\" data-slider-speed-animation=\"600\" data-enable-navigation=\"yes\" data-enable-pagination=\"yes\" data-max-num-pages=\"1\" data-next-page=\"2\">\n\t\t<div class=\"edgtf-pl-filter-holder\" >\n\t\t<div class=\"edgtf-plf-inner\">\n\t\t\t\t\t<\/div>\n\t<\/div>\n\t<div class=\"edgtf-pl-inner edgtf-outer-space  clearfix\">\n\t\t<article class=\"edgtf-pl-item edgtf-item-space  edgtf-pl-has-video post-4211 portfolio-item type-portfolio-item status-publish has-post-thumbnail hentry portfolio-category-captacao\">\n\t<div class=\"edgtf-pl-item-inner\">\n\t\t<div class=\"edgtf-pli-image\">\n\t<img loading=\"lazy\" decoding=\"async\" width=\"1920\" height=\"1080\" src=\"https:\/\/brunnoalexandre.com.br\/wp-content\/uploads\/2024\/10\/Sertao-Noturno.png\" class=\"attachment-full size-full wp-post-image\" alt=\"\" srcset=\"https:\/\/brunnoalexandre.com.br\/wp-content\/uploads\/2024\/10\/Sertao-Noturno.png 1920w, https:\/\/brunnoalexandre.com.br\/wp-content\/uploads\/2024\/10\/Sertao-Noturno-300x169.png 300w, https:\/\/brunnoalexandre.com.br\/wp-content\/uploads\/2024\/10\/Sertao-Noturno-1024x576.png 1024w, https:\/\/brunnoalexandre.com.br\/wp-content\/uploads\/2024\/10\/Sertao-Noturno-768x432.png 768w, https:\/\/brunnoalexandre.com.br\/wp-content\/uploads\/2024\/10\/Sertao-Noturno-1536x864.png 1536w, https:\/\/brunnoalexandre.com.br\/wp-content\/uploads\/2024\/10\/Sertao-Noturno-18x10.png 18w, https:\/\/brunnoalexandre.com.br\/wp-content\/uploads\/2024\/10\/Sertao-Noturno-600x338.png 600w\" sizes=\"auto, (max-width: 1920px) 100vw, 1920px\" \/><\/div>\n<div class=\"edgtf-pli-text-holder\">\n\t<div class=\"edgtf-pli-text\">\n\t\t\t<h4 itemprop=\"name\" class=\"edgtf-pli-title entry-title\" >\n\t\tSert\u00e3o Noturno\t<\/h4>\n\t\t\t<\/div>\n<\/div>\n\t\t<a itemprop=\"url\" class=\"edgtf-pli-link edgtf-block-drag-link\" href=\"https:\/\/brunnoalexandre.com.br\/en\/portfolio-item\/sertao-noturno\/\" target=\"_self\"><\/a>\n\t<\/div>\n<\/article>\t<\/div>\n\t\n\t<\/div><\/div><\/div><\/div><\/div><\/div><\/div>\n<\/div>","protected":false},"excerpt":{"rendered":"Cinema \/ Realismo Fant\u00e1stico Sert\u00e3o Noturno Nos anos 1950, em Mar\u00edlia, no interior paulista, a jovem atriz [...]","protected":false},"author":1,"featured_media":0,"parent":0,"menu_order":0,"comment_status":"closed","ping_status":"closed","template":"full-width.php","meta":{"footnotes":""},"class_list":["post-4207","page","type-page","status-publish","hentry"],"yoast_head":"<!-- This site is optimized with the Yoast SEO plugin v26.9 - https:\/\/yoast.com\/product\/yoast-seo-wordpress\/ -->\n<title>Capta\u00e7\u00e3o - Brunno Alexandre - Portf\u00f3lio<\/title>\n<meta name=\"robots\" content=\"index, follow, max-snippet:-1, max-image-preview:large, max-video-preview:-1\" \/>\n<link rel=\"canonical\" href=\"https:\/\/brunnoalexandre.com.br\/en\/captacao\/\" \/>\n<meta property=\"og:locale\" content=\"en_US\" \/>\n<meta property=\"og:type\" content=\"article\" \/>\n<meta property=\"og:title\" content=\"Capta\u00e7\u00e3o - Brunno Alexandre - Portf\u00f3lio\" \/>\n<meta property=\"og:url\" content=\"https:\/\/brunnoalexandre.com.br\/en\/captacao\/\" \/>\n<meta property=\"og:site_name\" content=\"Brunno Alexandre - Portf\u00f3lio\" \/>\n<meta property=\"article:modified_time\" content=\"2024-10-16T18:23:20+00:00\" \/>\n<meta name=\"twitter:card\" content=\"summary_large_image\" \/>\n<meta name=\"twitter:label1\" content=\"Est. reading time\" \/>\n\t<meta name=\"twitter:data1\" content=\"1 minute\" \/>\n<script type=\"application\/ld+json\" class=\"yoast-schema-graph\">{\"@context\":\"https:\/\/schema.org\",\"@graph\":[{\"@type\":\"WebPage\",\"@id\":\"https:\/\/brunnoalexandre.com.br\/captacao\/\",\"url\":\"https:\/\/brunnoalexandre.com.br\/captacao\/\",\"name\":\"Capta\u00e7\u00e3o - Brunno Alexandre - Portf\u00f3lio\",\"isPartOf\":{\"@id\":\"https:\/\/brunnoalexandre.com.br\/#website\"},\"datePublished\":\"2024-10-16T18:21:14+00:00\",\"dateModified\":\"2024-10-16T18:23:20+00:00\",\"breadcrumb\":{\"@id\":\"https:\/\/brunnoalexandre.com.br\/captacao\/#breadcrumb\"},\"inLanguage\":\"en-US\",\"potentialAction\":[{\"@type\":\"ReadAction\",\"target\":[\"https:\/\/brunnoalexandre.com.br\/captacao\/\"]}]},{\"@type\":\"BreadcrumbList\",\"@id\":\"https:\/\/brunnoalexandre.com.br\/captacao\/#breadcrumb\",\"itemListElement\":[{\"@type\":\"ListItem\",\"position\":1,\"name\":\"In\u00edcio\",\"item\":\"https:\/\/brunnoalexandre.com.br\/\"},{\"@type\":\"ListItem\",\"position\":2,\"name\":\"Capta\u00e7\u00e3o\"}]},{\"@type\":\"WebSite\",\"@id\":\"https:\/\/brunnoalexandre.com.br\/#website\",\"url\":\"https:\/\/brunnoalexandre.com.br\/\",\"name\":\"Brunno Alexandre - Portf\u00f3lio\",\"description\":\"produtor executivo e diretor de cinema\",\"potentialAction\":[{\"@type\":\"SearchAction\",\"target\":{\"@type\":\"EntryPoint\",\"urlTemplate\":\"https:\/\/brunnoalexandre.com.br\/?s={search_term_string}\"},\"query-input\":{\"@type\":\"PropertyValueSpecification\",\"valueRequired\":true,\"valueName\":\"search_term_string\"}}],\"inLanguage\":\"en-US\"}]}<\/script>\n<!-- \/ Yoast SEO plugin. -->","yoast_head_json":{"title":"Capta\u00e7\u00e3o - Brunno Alexandre - Portf\u00f3lio","robots":{"index":"index","follow":"follow","max-snippet":"max-snippet:-1","max-image-preview":"max-image-preview:large","max-video-preview":"max-video-preview:-1"},"canonical":"https:\/\/brunnoalexandre.com.br\/en\/captacao\/","og_locale":"en_US","og_type":"article","og_title":"Capta\u00e7\u00e3o - Brunno Alexandre - Portf\u00f3lio","og_url":"https:\/\/brunnoalexandre.com.br\/en\/captacao\/","og_site_name":"Brunno Alexandre - Portf\u00f3lio","article_modified_time":"2024-10-16T18:23:20+00:00","twitter_card":"summary_large_image","twitter_misc":{"Est. reading time":"1 minute"},"schema":{"@context":"https:\/\/schema.org","@graph":[{"@type":"WebPage","@id":"https:\/\/brunnoalexandre.com.br\/captacao\/","url":"https:\/\/brunnoalexandre.com.br\/captacao\/","name":"Capta\u00e7\u00e3o - Brunno Alexandre - Portf\u00f3lio","isPartOf":{"@id":"https:\/\/brunnoalexandre.com.br\/#website"},"datePublished":"2024-10-16T18:21:14+00:00","dateModified":"2024-10-16T18:23:20+00:00","breadcrumb":{"@id":"https:\/\/brunnoalexandre.com.br\/captacao\/#breadcrumb"},"inLanguage":"en-US","potentialAction":[{"@type":"ReadAction","target":["https:\/\/brunnoalexandre.com.br\/captacao\/"]}]},{"@type":"BreadcrumbList","@id":"https:\/\/brunnoalexandre.com.br\/captacao\/#breadcrumb","itemListElement":[{"@type":"ListItem","position":1,"name":"In\u00edcio","item":"https:\/\/brunnoalexandre.com.br\/"},{"@type":"ListItem","position":2,"name":"Capta\u00e7\u00e3o"}]},{"@type":"WebSite","@id":"https:\/\/brunnoalexandre.com.br\/#website","url":"https:\/\/brunnoalexandre.com.br\/","name":"Brunno Alexandre - Portf\u00f3lio","description":"produtor executivo e diretor de cinema","potentialAction":[{"@type":"SearchAction","target":{"@type":"EntryPoint","urlTemplate":"https:\/\/brunnoalexandre.com.br\/?s={search_term_string}"},"query-input":{"@type":"PropertyValueSpecification","valueRequired":true,"valueName":"search_term_string"}}],"inLanguage":"en-US"}]}},"_links":{"self":[{"href":"https:\/\/brunnoalexandre.com.br\/en\/wp-json\/wp\/v2\/pages\/4207","targetHints":{"allow":["GET"]}}],"collection":[{"href":"https:\/\/brunnoalexandre.com.br\/en\/wp-json\/wp\/v2\/pages"}],"about":[{"href":"https:\/\/brunnoalexandre.com.br\/en\/wp-json\/wp\/v2\/types\/page"}],"author":[{"embeddable":true,"href":"https:\/\/brunnoalexandre.com.br\/en\/wp-json\/wp\/v2\/users\/1"}],"replies":[{"embeddable":true,"href":"https:\/\/brunnoalexandre.com.br\/en\/wp-json\/wp\/v2\/comments?post=4207"}],"version-history":[{"count":2,"href":"https:\/\/brunnoalexandre.com.br\/en\/wp-json\/wp\/v2\/pages\/4207\/revisions"}],"predecessor-version":[{"id":4209,"href":"https:\/\/brunnoalexandre.com.br\/en\/wp-json\/wp\/v2\/pages\/4207\/revisions\/4209"}],"wp:attachment":[{"href":"https:\/\/brunnoalexandre.com.br\/en\/wp-json\/wp\/v2\/media?parent=4207"}],"curies":[{"name":"wp","href":"https:\/\/api.w.org\/{rel}","templated":true}]}}